{"id":570,"date":"2025-02-08T16:00:07","date_gmt":"2025-02-08T21:00:07","guid":{"rendered":"https:\/\/wyomingvalleyjuniorspartans.org\/?page_id=570"},"modified":"2026-04-09T21:06:24","modified_gmt":"2026-04-10T01:06:24","slug":"football-and-cheerleading-information","status":"publish","type":"page","link":"https:\/\/wyomingvalleyjuniorspartans.org\/es\/football-and-cheerleading-information\/","title":{"rendered":"Informaci\u00f3n sobre f\u00fatbol y porristas"},"content":{"rendered":"<h3 class=\"wp-block-heading\">\u00bfQui\u00e9n puede jugar?<\/h3>\n\n\n\n<p>Los ni\u00f1os y ni\u00f1as que residen dentro del Distrito Escolar Wyoming Valley West son bienvenidos a jugar.<\/p>\n\n\n\n<p>Eligibility is based on age\/grade: <br>&#8211; Children turning 5 by the end of the season or entering kindergarten or 1st grade in the fall can play flag football<br>&#8211; Children entering grades 1-6 in the fall are eligible to play tackle football <br>&#8211; Children entering K-9 in the fall can participate in cheer<\/p>\n\n\n\n<p>Nuestros programas de f\u00fatbol y porristas son mixtos.<\/p>\n\n\n\n<h3 class=\"wp-block-heading\">\u00bfCuando\/donde son las pr\u00e1cticas y los juegos?<\/h3>\n\n\n\n<p>Las pr\u00e1cticas se llevar\u00e1n a cabo en los campos deportivos de Larksville ubicados detr\u00e1s del edificio del municipio de Larksville: 211 E State St, Kingston, PA 18704<\/p>\n\n\n\n<p>Algunas pr\u00e1cticas, juegos y eventos pueden llevarse a cabo en Plymouth Community Park en Rowe Lane en Plymouth, <\/p>\n\n\n\n<p> Los entrenamientos se realizar\u00e1n de 17:30 a 19:00 h, de lunes a jueves, si el tiempo lo permite. Los entrenadores informar\u00e1n sobre cualquier cambio en el horario.<\/p>\n\n\n\n<p>Los partidos de f\u00fatbol se celebran los domingos desde mediados de agosto hasta principios de noviembre.<\/p>\n\n\n\n<p>Las competiciones de porristas se llevan a cabo los s\u00e1bados desde septiembre hasta principios de noviembre.<\/p>\n\n\n\n<h3 class=\"wp-block-heading\">\u00bfCu\u00e1nto cuesta?<\/h3>\n\n\n\n<p>Las tarifas de inscripci\u00f3n son las siguientes:<\/p>\n\n\n\n<ul class=\"wp-block-list\">\n<li>Tarifa de inscripci\u00f3n: $50 por el primer hijo, $30 por cada hijo adicional en el mismo hogar<\/li>\n\n\n\n<li>Tarifa de uniforme\/equipo: TBD<\/li>\n\n\n\n<li>Recaudaci\u00f3n de fondos obligatoria: $50 \u2013 Puedes recuperar esta cantidad vendiendo los boletos de la rifa.<\/li>\n<\/ul>\n\n\n\n<p><strong>Si est\u00e1 atravesando dificultades econ\u00f3micas, le recomendamos que se comunique con <a href=\"https:\/\/wyomingvalleyjuniorspartans.org\/es\/contact\/\" data-type=\"page\" data-id=\"263\">Cont\u00e1ctanos<\/a>Haremos todo lo posible para garantizar que ning\u00fan ni\u00f1o quede excluido debido a circunstancias financieras.<\/strong><\/p>\n\n\n\n<h3 class=\"wp-block-heading\">\u00bfHay alg\u00fan equipo que deba comprar?<\/h3>\n\n\n\n<p>Proporcionamos la mayor parte del equipamiento necesario, como cascos, uniformes de pr\u00e1ctica y juego y protecciones.<br>Sin embargo, por razones sanitarias, cada jugador deber\u00e1 proporcionar su propio:<\/p>\n\n\n\n<ul class=\"wp-block-list\">\n<li>Botella de agua: se recomiendan botellas con atomizador, como las botellas verdes de Gatorade, ya que permiten que su hijo beba sin quitarse el casco.<\/li>\n\n\n\n<li>Protector bucal (f\u00fatbol): Recomendamos comprar uno adicional por si se pierde o se da\u00f1a. Consulte con el dentista\/ortodoncista de su hijo si usa ortodoncia o tiene otros problemas dentales.<\/li>\n<\/ul>\n\n\n\n<p>Las botellas de agua deben estar etiquetadas con el nombre de su hijo para que pueda identificarlas f\u00e1cilmente.<\/p>\n\n\n\n<h3 class=\"wp-block-heading\">\u00bfCuando puedo registrarme?<\/h3>\n\n\n\n<p>\u00a1La inscripci\u00f3n ya est\u00e1 abierta! La informaci\u00f3n de inscripci\u00f3n para la temporada 2026 est\u00e1 disponible aqu\u00ed. <a href=\"https:\/\/wyomingvalleyjuniorspartans.org\/es\/registration\/\" data-type=\"page\" data-id=\"589\">aqu\u00ed<\/a>.<\/p>\n\n\n\n<h3 class=\"wp-block-heading\">\u00bfQu\u00e9 informaci\u00f3n necesito para registrarme?<\/h3>\n\n\n\n<p>Para registrarse se requieren los siguientes documentos:<\/p>\n\n\n\n<ul class=\"wp-block-list\">\n<li>Identificaci\u00f3n v\u00e1lida emitida por el gobierno del padre (licencia de conducir, identificaci\u00f3n estatal, pasaporte, etc.)<\/li>\n\n\n\n<li>Imagen del jugador<\/li>\n\n\n\n<li>Certificado de nacimiento<\/li>\n\n\n\n<li>Most recent report card (except children entering kindergarten in Fall)<\/li>\n\n\n\n<li>Medical clearance form completed by your child&#8217;s physician<\/li>\n<\/ul>\n\n\n\n<p>Todos los documentos y el pago deben proporcionarse al momento de la inscripci\u00f3n.<\/p>","protected":false},"excerpt":{"rendered":"<p>Who can play? Boys and girls who reside within the Wyoming Valley West School District are welcome to play. Eligibility is based on age\/grade: &#8211; Children turning 5 by the [&hellip;]<\/p>\n","protected":false},"author":4,"featured_media":0,"parent":0,"menu_order":0,"comment_status":"closed","ping_status":"closed","template":"","meta":{"_uag_custom_page_level_css":"","site-sidebar-layout":"default","site-content-layout":"","ast-site-content-layout":"default","site-content-style":"default","site-sidebar-style":"default","ast-global-header-display":"","ast-banner-title-visibility":"","ast-main-header-display":"","ast-hfb-above-header-display":"","ast-hfb-below-header-display":"","ast-hfb-mobile-header-display":"","site-post-title":"","ast-breadcrumbs-content":"","ast-featured-img":"","footer-sml-layout":"","ast-disable-related-posts":"","theme-transparent-header-meta":"","adv-header-id-meta":"","stick-header-meta":"","header-above-stick-meta":"","header-main-stick-meta":"","header-below-stick-meta":"","astra-migrate-meta-layouts":"default","ast-page-background-enabled":"default","ast-page-background-meta":{"desktop":{"background-color":"var(--ast-global-color-4)","background-image":"","background-repeat":"repeat","background-position":"center center","background-size":"auto","background-attachment":"scroll","background-type":"","background-media":"","overlay-type":"","overlay-color":"","overlay-opacity":"","overlay-gradient":""},"tablet":{"background-color":"","background-image":"","background-repeat":"repeat","background-position":"center center","background-size":"auto","background-attachment":"scroll","background-type":"","background-media":"","overlay-type":"","overlay-color":"","overlay-opacity":"","overlay-gradient":""},"mobile":{"background-color":"","background-image":"","background-repeat":"repeat","background-position":"center center","background-size":"auto","background-attachment":"scroll","background-type":"","background-media":"","overlay-type":"","overlay-color":"","overlay-opacity":"","overlay-gradient":""}},"ast-content-background-meta":{"desktop":{"background-color":"var(--ast-global-color-5)","background-image":"","background-repeat":"repeat","background-position":"center center","background-size":"auto","background-attachment":"scroll","background-type":"","background-media":"","overlay-type":"","overlay-color":"","overlay-opacity":"","overlay-gradient":""},"tablet":{"background-color":"var(--ast-global-color-5)","background-image":"","background-repeat":"repeat","background-position":"center center","background-size":"auto","background-attachment":"scroll","background-type":"","background-media":"","overlay-type":"","overlay-color":"","overlay-opacity":"","overlay-gradient":""},"mobile":{"background-color":"var(--ast-global-color-5)","background-image":"","background-repeat":"repeat","background-position":"center center","background-size":"auto","background-attachment":"scroll","background-type":"","background-media":"","overlay-type":"","overlay-color":"","overlay-opacity":"","overlay-gradient":""}},"footnotes":""},"class_list":["post-570","page","type-page","status-publish","hentry"],"uagb_featured_image_src":{"full":false,"thumbnail":false,"medium":false,"medium_large":false,"large":false,"1536x1536":false,"2048x2048":false,"trp-custom-language-flag":false,"gform-image-choice-sm":false,"gform-image-choice-md":false,"gform-image-choice-lg":false},"uagb_author_info":{"display_name":"jziller","author_link":"https:\/\/wyomingvalleyjuniorspartans.org\/es\/author\/zcuraxwdbykm\/"},"uagb_comment_info":0,"uagb_excerpt":"Who can play? Boys and girls who reside within the Wyoming Valley West School District are welcome to play. Eligibility is based on age\/grade: &#8211; Children turning 5 by the [&hellip;]","_links":{"self":[{"href":"https:\/\/wyomingvalleyjuniorspartans.org\/es\/wp-json\/wp\/v2\/pages\/570","targetHints":{"allow":["GET"]}}],"collection":[{"href":"https:\/\/wyomingvalleyjuniorspartans.org\/es\/wp-json\/wp\/v2\/pages"}],"about":[{"href":"https:\/\/wyomingvalleyjuniorspartans.org\/es\/wp-json\/wp\/v2\/types\/page"}],"author":[{"embeddable":true,"href":"https:\/\/wyomingvalleyjuniorspartans.org\/es\/wp-json\/wp\/v2\/users\/4"}],"replies":[{"embeddable":true,"href":"https:\/\/wyomingvalleyjuniorspartans.org\/es\/wp-json\/wp\/v2\/comments?post=570"}],"version-history":[{"count":15,"href":"https:\/\/wyomingvalleyjuniorspartans.org\/es\/wp-json\/wp\/v2\/pages\/570\/revisions"}],"predecessor-version":[{"id":958,"href":"https:\/\/wyomingvalleyjuniorspartans.org\/es\/wp-json\/wp\/v2\/pages\/570\/revisions\/958"}],"wp:attachment":[{"href":"https:\/\/wyomingvalleyjuniorspartans.org\/es\/wp-json\/wp\/v2\/media?parent=570"}],"curies":[{"name":"wp","href":"https:\/\/api.w.org\/{rel}","templated":true}]}}