{"id":568,"date":"2025-02-08T13:18:10","date_gmt":"2025-02-08T18:18:10","guid":{"rendered":"https:\/\/wyomingvalleyjuniorspartans.org\/?page_id=568"},"modified":"2026-03-03T15:11:28","modified_gmt":"2026-03-03T20:11:28","slug":"player-safety","status":"publish","type":"page","link":"https:\/\/wyomingvalleyjuniorspartans.org\/es\/player-safety\/","title":{"rendered":"Seguridad del jugador"},"content":{"rendered":"<p>En Wyoming Valley Junior Spartans Youth Football &amp; Cheerleading, la seguridad y el bienestar de nuestros jugadores y animadoras es nuestra m\u00e1xima prioridad. Nos comprometemos a crear un entorno seguro, de apoyo y divertido donde cada participante pueda desarrollarse f\u00edsica y mentalmente, minimizando al mismo tiempo el riesgo de lesiones. A continuaci\u00f3n, se detallan las medidas clave que tomamos para garantizar la seguridad y la salud de nuestros jugadores durante toda la temporada.<\/p>\n\n\n\n<h3 class=\"wp-block-heading\">Cuerpo t\u00e9cnico certificado<\/h3>\n\n\n\n<p>Nuestros entrenadores reciben una amplia capacitaci\u00f3n y certificaci\u00f3n. Esto garantiza que cuenten con los conocimientos y las habilidades necesarios para ense\u00f1ar las t\u00e9cnicas adecuadas y fomentar un ambiente seguro para todos los jugadores y animadoras. Se obtienen verificaciones de antecedentes y autorizaciones actualizadas de todos los entrenadores y el personal, que se mantienen en archivo, de acuerdo con la legislaci\u00f3n aplicable.<\/p>\n\n\n\n<h3 class=\"wp-block-heading\">Equipo adecuado<\/h3>\n\n\n\n<p>Ofrecemos cascos, protectores y equipo de protecci\u00f3n de alta calidad que cumplen con los \u00faltimos est\u00e1ndares de seguridad. Todo el equipo se inspecciona y mantiene regularmente para garantizar el m\u00e1ximo nivel de protecci\u00f3n. Los jugadores tambi\u00e9n reciben instrucciones sobre c\u00f3mo usar y cuidar su equipo correctamente.<\/p>\n\n\n\n<h3 class=\"wp-block-heading\">Protocolo de conmoci\u00f3n cerebral<\/h3>\n\n\n\n<p>Las lesiones en la cabeza son una preocupaci\u00f3n seria en los deportes juveniles, y las tomamos muy en serio. Todos los entrenadores reciben capacitaci\u00f3n a trav\u00e9s de <a href=\"https:\/\/www.cdc.gov\/heads-up\/index.html\" target=\"_blank\" rel=\"noopener\">Programa HEADS UP de los CDC<\/a> Reconocemos los s\u00edntomas de una conmoci\u00f3n cerebral y seguimos protocolos estrictos de reincorporaci\u00f3n al juego para cualquier jugador con sospecha de lesi\u00f3n en la cabeza. Cualquier atleta con sospecha de conmoci\u00f3n cerebral ser\u00e1 retirado del juego de inmediato y no podr\u00e1 regresar hasta que un profesional de la salud lo autorice.<\/p>\n\n\n\n<h3 class=\"wp-block-heading\">Manejo del calor y la hidrataci\u00f3n<\/h3>\n\n\n\n<p>Los entrenamientos y partidos se programan teniendo en cuenta las condiciones clim\u00e1ticas. Tomamos medidas para minimizar el riesgo de enfermedades relacionadas con el calor, ofreciendo descansos frecuentes para beber agua y zonas de sombra para descansar. Nuestros entrenadores est\u00e1n capacitados para reconocer los s\u00edntomas de agotamiento por calor y golpe de calor, y est\u00e1n listos para actuar si un jugador sufre un sobrecalentamiento.<\/p>\n\n\n\n<h3 class=\"wp-block-heading\">Rutinas de estiramiento y calentamiento<\/h3>\n\n\n\n<p>La prevenci\u00f3n de lesiones comienza incluso antes del partido o el entrenamiento. Incorporamos estiramientos din\u00e1micos y ejercicios de calentamiento en cada sesi\u00f3n de entrenamiento para asegurar que los m\u00fasculos de los jugadores est\u00e9n preparados para la actividad f\u00edsica que se avecina. Esto ayuda a reducir el riesgo de distensiones, esguinces y otras lesiones comunes.<\/p>\n\n\n\n<h3 class=\"wp-block-heading\">Conc\u00e9ntrese en las t\u00e9cnicas adecuadas<\/h3>\n\n\n\n<p>En el f\u00fatbol americano, las t\u00e9cnicas de placaje inadecuadas pueden provocar lesiones innecesarias. Nuestros entrenadores enfatizan m\u00e9todos de placaje seguros que reducen el impacto en la cabeza y el cuello, adem\u00e1s de fomentar la deportividad y el respeto entre los jugadores. Tambi\u00e9n se ense\u00f1an rutinas de porristas con un enfoque en la seguridad, garantizando que todas las acrobacias y volteretas se realicen dentro del nivel de habilidad de los atletas.<\/p>\n\n\n\n<h3 class=\"wp-block-heading\">Plan de respuesta a emergencias<\/h3>\n\n\n\n<p>En caso de lesi\u00f3n, nuestro cuerpo t\u00e9cnico est\u00e1 capacitado en primeros auxilios. Disponemos de botiquines de primeros auxilios disponibles en todos los entrenamientos y partidos, y contamos con un plan de respuesta a emergencias para gestionar incidentes m\u00e1s graves. Tambi\u00e9n animamos a los padres a compartir cualquier informaci\u00f3n m\u00e9dica relevante, como alergias o afecciones m\u00e9dicas, con nuestro cuerpo t\u00e9cnico para asegurarnos de estar preparados. El personal de emergencias m\u00e9dicas est\u00e1 presente en todos los partidos de f\u00fatbol, tanto en casa como fuera de casa.<\/p>\n\n\n\n<h3 class=\"wp-block-heading\">Educaci\u00f3n continua y actualizaciones<\/h3>\n\n\n\n<p>Los est\u00e1ndares de seguridad y las mejores pr\u00e1cticas evolucionan constantemente. Nos mantenemos al d\u00eda con las \u00faltimas investigaciones y recomendaciones de las organizaciones de seguridad deportiva e incorporamos nuevas t\u00e9cnicas y protocolos a medida que est\u00e1n disponibles. Nuestro compromiso con la seguridad de los jugadores es un proceso din\u00e1mico, lo que garantiza que siempre tomamos medidas para proteger a nuestros j\u00f3venes atletas.<\/p>\n\n\n\n<hr class=\"wp-block-separator has-alpha-channel-opacity\"\/>\n\n\n\n<p>Al hacer de la seguridad de los jugadores una piedra angular de nuestro programa, garantizamos que Wyoming Valley Junior Spartans sea un lugar seguro para que los j\u00f3venes aprendan, crezcan y se diviertan. Si tiene alguna pregunta sobre nuestros protocolos de seguridad, no dude en contactarnos. <a href=\"https:\/\/wyomingvalleyjuniorspartans.org\/es\/contact\/\" data-type=\"page\" data-id=\"263\">Cont\u00e1ctanos<\/a>.<\/p>","protected":false},"excerpt":{"rendered":"<p>At Wyoming Valley Junior Spartans Youth Football &amp; Cheerleading, the safety and well-being of our players and cheerleaders is our top priority. We are committed to creating a safe, supportive, [&hellip;]<\/p>\n","protected":false},"author":4,"featured_media":0,"parent":0,"menu_order":0,"comment_status":"closed","ping_status":"closed","template":"","meta":{"_uag_custom_page_level_css":"","site-sidebar-layout":"default","site-content-layout":"","ast-site-content-layout":"default","site-content-style":"default","site-sidebar-style":"default","ast-global-header-display":"","ast-banner-title-visibility":"","ast-main-header-display":"","ast-hfb-above-header-display":"","ast-hfb-below-header-display":"","ast-hfb-mobile-header-display":"","site-post-title":"","ast-breadcrumbs-content":"","ast-featured-img":"","footer-sml-layout":"","ast-disable-related-posts":"","theme-transparent-header-meta":"","adv-header-id-meta":"","stick-header-meta":"","header-above-stick-meta":"","header-main-stick-meta":"","header-below-stick-meta":"","astra-migrate-meta-layouts":"default","ast-page-background-enabled":"default","ast-page-background-meta":{"desktop":{"background-color":"var(--ast-global-color-4)","background-image":"","background-repeat":"repeat","background-position":"center center","background-size":"auto","background-attachment":"scroll","background-type":"","background-media":"","overlay-type":"","overlay-color":"","overlay-opacity":"","overlay-gradient":""},"tablet":{"background-color":"","background-image":"","background-repeat":"repeat","background-position":"center center","background-size":"auto","background-attachment":"scroll","background-type":"","background-media":"","overlay-type":"","overlay-color":"","overlay-opacity":"","overlay-gradient":""},"mobile":{"background-color":"","background-image":"","background-repeat":"repeat","background-position":"center center","background-size":"auto","background-attachment":"scroll","background-type":"","background-media":"","overlay-type":"","overlay-color":"","overlay-opacity":"","overlay-gradient":""}},"ast-content-background-meta":{"desktop":{"background-color":"var(--ast-global-color-5)","background-image":"","background-repeat":"repeat","background-position":"center center","background-size":"auto","background-attachment":"scroll","background-type":"","background-media":"","overlay-type":"","overlay-color":"","overlay-opacity":"","overlay-gradient":""},"tablet":{"background-color":"var(--ast-global-color-5)","background-image":"","background-repeat":"repeat","background-position":"center center","background-size":"auto","background-attachment":"scroll","background-type":"","background-media":"","overlay-type":"","overlay-color":"","overlay-opacity":"","overlay-gradient":""},"mobile":{"background-color":"var(--ast-global-color-5)","background-image":"","background-repeat":"repeat","background-position":"center center","background-size":"auto","background-attachment":"scroll","background-type":"","background-media":"","overlay-type":"","overlay-color":"","overlay-opacity":"","overlay-gradient":""}},"footnotes":""},"class_list":["post-568","page","type-page","status-publish","hentry"],"uagb_featured_image_src":{"full":false,"thumbnail":false,"medium":false,"medium_large":false,"large":false,"1536x1536":false,"2048x2048":false,"trp-custom-language-flag":false,"gform-image-choice-sm":false,"gform-image-choice-md":false,"gform-image-choice-lg":false},"uagb_author_info":{"display_name":"jziller","author_link":"https:\/\/wyomingvalleyjuniorspartans.org\/es\/author\/zcuraxwdbykm\/"},"uagb_comment_info":0,"uagb_excerpt":"At Wyoming Valley Junior Spartans Youth Football &amp; Cheerleading, the safety and well-being of our players and cheerleaders is our top priority. We are committed to creating a safe, supportive, [&hellip;]","_links":{"self":[{"href":"https:\/\/wyomingvalleyjuniorspartans.org\/es\/wp-json\/wp\/v2\/pages\/568","targetHints":{"allow":["GET"]}}],"collection":[{"href":"https:\/\/wyomingvalleyjuniorspartans.org\/es\/wp-json\/wp\/v2\/pages"}],"about":[{"href":"https:\/\/wyomingvalleyjuniorspartans.org\/es\/wp-json\/wp\/v2\/types\/page"}],"author":[{"embeddable":true,"href":"https:\/\/wyomingvalleyjuniorspartans.org\/es\/wp-json\/wp\/v2\/users\/4"}],"replies":[{"embeddable":true,"href":"https:\/\/wyomingvalleyjuniorspartans.org\/es\/wp-json\/wp\/v2\/comments?post=568"}],"version-history":[{"count":5,"href":"https:\/\/wyomingvalleyjuniorspartans.org\/es\/wp-json\/wp\/v2\/pages\/568\/revisions"}],"predecessor-version":[{"id":874,"href":"https:\/\/wyomingvalleyjuniorspartans.org\/es\/wp-json\/wp\/v2\/pages\/568\/revisions\/874"}],"wp:attachment":[{"href":"https:\/\/wyomingvalleyjuniorspartans.org\/es\/wp-json\/wp\/v2\/media?parent=568"}],"curies":[{"name":"wp","href":"https:\/\/api.w.org\/{rel}","templated":true}]}}