{"id":260,"date":"2025-01-04T21:08:24","date_gmt":"2025-01-04T21:08:24","guid":{"rendered":"https:\/\/holistic-hellion-7vu.zipwp.xyz\/?page_id=260"},"modified":"2025-01-27T00:15:36","modified_gmt":"2025-01-27T00:15:36","slug":"about","status":"publish","type":"page","link":"https:\/\/wyomingvalleyjuniorspartans.org\/es\/about\/","title":{"rendered":"Acerca de"},"content":{"rendered":"<div class=\"wp-block-uagb-container uagb-block-8ecd5811 alignfull uagb-is-root-container\"><div class=\"uagb-container-inner-blocks-wrap\">\n<div class=\"wp-block-uagb-advanced-heading uagb-block-13f2e88a\"><h1 class=\"uagb-heading-text\">Construyendo futuros campeones a trav\u00e9s del f\u00fatbol juvenil<\/h1><\/div>\n<\/div><\/div>\n\n\n\n<div class=\"wp-block-uagb-container uagb-layout-flex uagb-block-f3521c56 alignfull uagb-is-root-container\"><div class=\"uagb-container-inner-blocks-wrap\">\n<div class=\"wp-block-uagb-info-box uagb-block-a0259082 uagb-infobox__content-wrap  uagb-infobox-icon-above-title uagb-infobox-image-valign-top\"><div class=\"uagb-ifb-content\"><div class=\"uagb-ifb-title-wrap\"><p class=\"uagb-ifb-title-prefix\">Acerca de<\/p><h2 class=\"uagb-ifb-title\">Quienes somos<\/h2><\/div><p class=\"uagb-ifb-desc\">El equipo de f\u00fatbol juvenil Wyoming Valley Junior Spartans se form\u00f3 en 2024 mediante la fusi\u00f3n de los Plymouth Shawnee Indians y los Ed-Lark Hurricanes. <br><br>Bas\u00e1ndonos en los legados de larga data de ambos equipos, crecemos juntos para fomentar la pasi\u00f3n por el f\u00fatbol entre los atletas j\u00f3venes, promoviendo el trabajo en equipo, la dedicaci\u00f3n y el desarrollo de habilidades dentro de nuestra comunidad.<br><br>Ofrecemos un entorno de apoyo para ni\u00f1os desde jard\u00edn de infantes hasta sexto grado, fomentando el crecimiento tanto dentro como fuera del campo a trav\u00e9s de nuestros programas estructurados.<\/p><\/div><\/div>\n\n\n\n<div class=\"wp-block-uagb-image uagb-block-c2dd9409 wp-block-uagb-image--layout-default wp-block-uagb-image--effect-static wp-block-uagb-image--align-none\"><figure class=\"wp-block-uagb-image__figure\"><img decoding=\"async\" srcset=\"https:\/\/wyomingvalleyjuniorspartans.org\/wp-content\/uploads\/2025\/01\/shallow-focus-photography-of-football-player-holding-helmet-eo3epy-iwoe.jpeg ,https:\/\/wyomingvalleyjuniorspartans.org\/wp-content\/uploads\/2025\/01\/shallow-focus-photography-of-football-player-holding-helmet-eo3epy-iwoe.jpeg 780w, https:\/\/wyomingvalleyjuniorspartans.org\/wp-content\/uploads\/2025\/01\/shallow-focus-photography-of-football-player-holding-helmet-eo3epy-iwoe.jpeg 360w\" sizes=\"auto, (max-width: 480px) 150px\" src=\"https:\/\/wyomingvalleyjuniorspartans.org\/wp-content\/uploads\/2025\/01\/shallow-focus-photography-of-football-player-holding-helmet-eo3epy-iwoe.jpeg\" alt=\"\" class=\"uag-image-484\" width=\"550\" height=\"450\" title=\"quienes-somos\" loading=\"lazy\" role=\"img\"\/><\/figure><\/div>\n<\/div><\/div>\n\n\n\n<div class=\"wp-block-uagb-container uagb-block-f098d2f3 alignfull uagb-is-root-container\"><div class=\"uagb-container-inner-blocks-wrap\">\n<div class=\"wp-block-uagb-container uagb-layout-flex uagb-block-96f740f5\">\n<div class=\"wp-block-uagb-image aligncenter uagb-block-7a09fb3e wp-block-uagb-image--layout-default wp-block-uagb-image--effect-static wp-block-uagb-image--align-center\"><figure class=\"wp-block-uagb-image__figure\"><img decoding=\"async\" srcset=\"https:\/\/wyomingvalleyjuniorspartans.org\/wp-content\/uploads\/2024\/05\/testimonial-skip-01.png ,https:\/\/wyomingvalleyjuniorspartans.org\/wp-content\/uploads\/2024\/05\/testimonial-skip-01.png 780w, https:\/\/wyomingvalleyjuniorspartans.org\/wp-content\/uploads\/2024\/05\/testimonial-skip-01.png 360w\" sizes=\"auto, (max-width: 480px) 150px\" src=\"https:\/\/wyomingvalleyjuniorspartans.org\/wp-content\/uploads\/2024\/05\/testimonial-skip-01.png\" alt=\"\" class=\"uag-image-46\" width=\"64\" height=\"64\" title=\"testimonio-saltar-01\" loading=\"lazy\" role=\"img\"\/><\/figure><\/div>\n\n\n\n<div class=\"wp-block-uagb-image aligncenter uagb-block-8dea60fe wp-block-uagb-image--layout-default wp-block-uagb-image--effect-static wp-block-uagb-image--align-center\"><figure class=\"wp-block-uagb-image__figure\"><img decoding=\"async\" srcset=\"https:\/\/wyomingvalleyjuniorspartans.org\/wp-content\/uploads\/2024\/05\/testimonial-skip-03.png ,https:\/\/wyomingvalleyjuniorspartans.org\/wp-content\/uploads\/2024\/05\/testimonial-skip-03.png 780w, https:\/\/wyomingvalleyjuniorspartans.org\/wp-content\/uploads\/2024\/05\/testimonial-skip-03.png 360w\" sizes=\"auto, (max-width: 480px) 150px\" src=\"https:\/\/wyomingvalleyjuniorspartans.org\/wp-content\/uploads\/2024\/05\/testimonial-skip-03.png\" alt=\"\" class=\"uag-image-48\" width=\"64\" height=\"64\" title=\"testimonio-saltar-03\" loading=\"lazy\" role=\"img\"\/><\/figure><\/div>\n\n\n\n<div class=\"wp-block-uagb-image aligncenter uagb-block-2ae728fd wp-block-uagb-image--layout-default wp-block-uagb-image--effect-static wp-block-uagb-image--align-center\"><figure class=\"wp-block-uagb-image__figure\"><img decoding=\"async\" srcset=\"https:\/\/wyomingvalleyjuniorspartans.org\/wp-content\/uploads\/2024\/05\/testimonial-skip-02.png ,https:\/\/wyomingvalleyjuniorspartans.org\/wp-content\/uploads\/2024\/05\/testimonial-skip-02.png 780w, https:\/\/wyomingvalleyjuniorspartans.org\/wp-content\/uploads\/2024\/05\/testimonial-skip-02.png 360w\" sizes=\"auto, (max-width: 480px) 150px\" src=\"https:\/\/wyomingvalleyjuniorspartans.org\/wp-content\/uploads\/2024\/05\/testimonial-skip-02.png\" alt=\"\" class=\"uag-image-47\" width=\"64\" height=\"64\" title=\"testimonio-saltar-02\" loading=\"lazy\" role=\"img\"\/><\/figure><\/div>\n\n\n\n<div class=\"wp-block-uagb-image aligncenter uagb-block-e7ffd206 wp-block-uagb-image--layout-default wp-block-uagb-image--effect-static wp-block-uagb-image--align-center\"><figure class=\"wp-block-uagb-image__figure\"><img decoding=\"async\" srcset=\"https:\/\/wyomingvalleyjuniorspartans.org\/wp-content\/uploads\/2024\/05\/testimonial-skip-04.png ,https:\/\/wyomingvalleyjuniorspartans.org\/wp-content\/uploads\/2024\/05\/testimonial-skip-04.png 780w, https:\/\/wyomingvalleyjuniorspartans.org\/wp-content\/uploads\/2024\/05\/testimonial-skip-04.png 360w\" sizes=\"auto, (max-width: 480px) 150px\" src=\"https:\/\/wyomingvalleyjuniorspartans.org\/wp-content\/uploads\/2024\/05\/testimonial-skip-04.png\" alt=\"\" class=\"uag-image-49\" width=\"64\" height=\"64\" title=\"testimonio-saltar-04\" loading=\"lazy\" role=\"img\"\/><\/figure><\/div>\n<\/div>\n\n\n\n<div class=\"wp-block-uagb-info-box uagb-block-d4cab7e8 uagb-infobox__content-wrap  uagb-infobox-icon-above-title uagb-infobox-image-valign-top\"><div class=\"uagb-ifb-content\"><div class=\"uagb-ifb-title-wrap\"><h3 class=\"uagb-ifb-title\">\u00a1\u00danase a nosotros y encienda su pasi\u00f3n por el f\u00fatbol hoy!<\/h3><\/div><div class=\"uagb-ifb-button-wrapper wp-block-button\"><a href=\"\/es\/contact\/\" class=\"uagb-infobox-cta-link wp-block-button__link\" target=\"_self\" rel=\"noopener noreferrer\" onclick=\"return true;\"><span class=\"uagb-inline-editing\">Empezar<\/span><\/a><\/div><\/div><\/div>\n<\/div><\/div>\n\n\n\n<div class=\"wp-block-uagb-container uagb-layout-grid uagb-block-5997773b alignfull uagb-is-root-container\"><div class=\"uagb-container-inner-blocks-wrap\">\n<div class=\"wp-block-uagb-advanced-heading uagb-block-50fe1be9\"><p class=\"uagb-desc-text\">Nuestro compromiso<\/p><h2 class=\"uagb-heading-text\">Declaraciones de misi\u00f3n y visi\u00f3n<\/h2><\/div>\n\n\n\n<div class=\"wp-block-uagb-image uagb-block-e8b3d882 wp-block-uagb-image--layout-default wp-block-uagb-image--effect-static wp-block-uagb-image--align-none\"><figure class=\"wp-block-uagb-image__figure\"><img decoding=\"async\" srcset=\"https:\/\/wyomingvalleyjuniorspartans.org\/wp-content\/uploads\/2025\/01\/a-close-up-of-a-person-wearing-a-football-helmet-l9hbpgomqsi.jpeg ,https:\/\/wyomingvalleyjuniorspartans.org\/wp-content\/uploads\/2025\/01\/a-close-up-of-a-person-wearing-a-football-helmet-l9hbpgomqsi.jpeg 780w, https:\/\/wyomingvalleyjuniorspartans.org\/wp-content\/uploads\/2025\/01\/a-close-up-of-a-person-wearing-a-football-helmet-l9hbpgomqsi.jpeg 360w\" sizes=\"auto, (max-width: 480px) 150px\" src=\"https:\/\/wyomingvalleyjuniorspartans.org\/wp-content\/uploads\/2025\/01\/a-close-up-of-a-person-wearing-a-football-helmet-l9hbpgomqsi.jpeg\" alt=\"\" class=\"uag-image-485\" width=\"560\" height=\"300\" title=\"nuestra misi\u00f3n\" loading=\"lazy\" role=\"img\"\/><\/figure><\/div>\n\n\n\n<div class=\"wp-block-uagb-advanced-heading uagb-block-99ee72fd\"><h3 class=\"uagb-heading-text\">Empoderando a los j\u00f3venes atletas<\/h3><p class=\"uagb-desc-text\">Nuestra misi\u00f3n es crear un entorno positivo y seguro para que los j\u00f3venes desarrollen sus habilidades futbol\u00edsticas y fomenten amistades para toda la vida, promoviendo el esp\u00edritu deportivo y el esp\u00edritu comunitario.<\/p><\/div>\n\n\n\n<div class=\"wp-block-uagb-advanced-heading uagb-block-c696cfb9\"><h3 class=\"uagb-heading-text\">Inspirando a futuros l\u00edderes<\/h3><p class=\"uagb-desc-text\">Visualizamos una comunidad donde los atletas j\u00f3venes prosperen, desarrollando no solo sus habilidades atl\u00e9ticas sino tambi\u00e9n su car\u00e1cter, liderazgo y resiliencia a trav\u00e9s del deporte del f\u00fatbol.<\/p><\/div>\n<\/div><\/div>","protected":false},"excerpt":{"rendered":"<p>Building Future Champions Through Youth Football Our Commitment Mission and Vision Statements Empowering Young Athletes Our mission is to create a positive and safe environment for youth to develop their [&hellip;]<\/p>\n","protected":false},"author":4,"featured_media":0,"parent":0,"menu_order":0,"comment_status":"closed","ping_status":"closed","template":"","meta":{"_uag_custom_page_level_css":"","site-sidebar-layout":"default","site-content-layout":"","ast-site-content-layout":"default","site-content-style":"default","site-sidebar-style":"default","ast-global-header-display":"","ast-banner-title-visibility":"","ast-main-header-display":"","ast-hfb-above-header-display":"","ast-hfb-below-header-display":"","ast-hfb-mobile-header-display":"","site-post-title":"disabled","ast-breadcrumbs-content":"","ast-featured-img":"","footer-sml-layout":"","ast-disable-related-posts":"","theme-transparent-header-meta":"","adv-header-id-meta":"","stick-header-meta":"","header-above-stick-meta":"","header-main-stick-meta":"","header-below-stick-meta":"","astra-migrate-meta-layouts":"default","ast-page-background-enabled":"default","ast-page-background-meta":{"desktop":{"background-color":"var(--ast-global-color-4)","background-image":"","background-repeat":"repeat","background-position":"center center","background-size":"auto","background-attachment":"scroll","background-type":"","background-media":"","overlay-type":"","overlay-color":"","overlay-opacity":"","overlay-gradient":""},"tablet":{"background-color":"","background-image":"","background-repeat":"repeat","background-position":"center center","background-size":"auto","background-attachment":"scroll","background-type":"","background-media":"","overlay-type":"","overlay-color":"","overlay-opacity":"","overlay-gradient":""},"mobile":{"background-color":"","background-image":"","background-repeat":"repeat","background-position":"center center","background-size":"auto","background-attachment":"scroll","background-type":"","background-media":"","overlay-type":"","overlay-color":"","overlay-opacity":"","overlay-gradient":""}},"ast-content-background-meta":{"desktop":{"background-color":"var(--ast-global-color-5)","background-image":"","background-repeat":"repeat","background-position":"center center","background-size":"auto","background-attachment":"scroll","background-type":"","background-media":"","overlay-type":"","overlay-color":"","overlay-opacity":"","overlay-gradient":""},"tablet":{"background-color":"var(--ast-global-color-5)","background-image":"","background-repeat":"repeat","background-position":"center center","background-size":"auto","background-attachment":"scroll","background-type":"","background-media":"","overlay-type":"","overlay-color":"","overlay-opacity":"","overlay-gradient":""},"mobile":{"background-color":"var(--ast-global-color-5)","background-image":"","background-repeat":"repeat","background-position":"center center","background-size":"auto","background-attachment":"scroll","background-type":"","background-media":"","overlay-type":"","overlay-color":"","overlay-opacity":"","overlay-gradient":""}},"footnotes":""},"class_list":["post-260","page","type-page","status-publish","hentry"],"uagb_featured_image_src":{"full":false,"thumbnail":false,"medium":false,"medium_large":false,"large":false,"1536x1536":false,"2048x2048":false,"trp-custom-language-flag":false,"gform-image-choice-sm":false,"gform-image-choice-md":false,"gform-image-choice-lg":false},"uagb_author_info":{"display_name":"jziller","author_link":"https:\/\/wyomingvalleyjuniorspartans.org\/es\/author\/zcuraxwdbykm\/"},"uagb_comment_info":0,"uagb_excerpt":"Building Future Champions Through Youth Football Our Commitment Mission and Vision Statements Empowering Young Athletes Our mission is to create a positive and safe environment for youth to develop their [&hellip;]","_links":{"self":[{"href":"https:\/\/wyomingvalleyjuniorspartans.org\/es\/wp-json\/wp\/v2\/pages\/260","targetHints":{"allow":["GET"]}}],"collection":[{"href":"https:\/\/wyomingvalleyjuniorspartans.org\/es\/wp-json\/wp\/v2\/pages"}],"about":[{"href":"https:\/\/wyomingvalleyjuniorspartans.org\/es\/wp-json\/wp\/v2\/types\/page"}],"author":[{"embeddable":true,"href":"https:\/\/wyomingvalleyjuniorspartans.org\/es\/wp-json\/wp\/v2\/users\/4"}],"replies":[{"embeddable":true,"href":"https:\/\/wyomingvalleyjuniorspartans.org\/es\/wp-json\/wp\/v2\/comments?post=260"}],"version-history":[{"count":7,"href":"https:\/\/wyomingvalleyjuniorspartans.org\/es\/wp-json\/wp\/v2\/pages\/260\/revisions"}],"predecessor-version":[{"id":521,"href":"https:\/\/wyomingvalleyjuniorspartans.org\/es\/wp-json\/wp\/v2\/pages\/260\/revisions\/521"}],"wp:attachment":[{"href":"https:\/\/wyomingvalleyjuniorspartans.org\/es\/wp-json\/wp\/v2\/media?parent=260"}],"curies":[{"name":"wp","href":"https:\/\/api.w.org\/{rel}","templated":true}]}}