{"id":259,"date":"2025-01-04T21:08:22","date_gmt":"2025-01-04T21:08:22","guid":{"rendered":"https:\/\/holistic-hellion-7vu.zipwp.xyz\/?page_id=259"},"modified":"2026-04-09T19:37:47","modified_gmt":"2026-04-09T23:37:47","slug":"home","status":"publish","type":"page","link":"https:\/\/wyomingvalleyjuniorspartans.org\/es\/","title":{"rendered":"Hogar"},"content":{"rendered":"<div class=\"wp-block-uagb-container uagb-block-8ecd5811 alignfull uagb-is-root-container\"><div class=\"uagb-container-inner-blocks-wrap\">\n<div class=\"wp-block-uagb-info-box uagb-block-2a03356b uagb-infobox__content-wrap  uagb-infobox-icon-above-title uagb-infobox-image-valign-top\"><div class=\"uagb-ifb-content\"><div class=\"uagb-ifb-title-wrap\"><h1 class=\"uagb-ifb-title\">\u00danase a los Wyoming Valley Junior Spartans<\/h1><\/div><p class=\"uagb-ifb-desc\">Experimente el trabajo en equipo, el esp\u00edritu deportivo y el desarrollo de habilidades en el f\u00fatbol juvenil desde el jard\u00edn de infantes hasta el sexto grado.<\/p><div class=\"uagb-ifb-button-wrapper wp-block-button\"><a href=\"\/es\/registration\/\" class=\"uagb-infobox-cta-link wp-block-button__link\" target=\"_self\" rel=\"noopener noreferrer\" onclick=\"return true;\"><span class=\"uagb-inline-editing\">Reg\u00edstrate ahora<\/span><\/a><\/div><\/div><\/div>\n<\/div><\/div>\n\n\n\n<div class=\"wp-block-uagb-container uagb-block-78ceaa04 alignfull uagb-is-root-container\"><div class=\"uagb-container-inner-blocks-wrap\">\n<div class=\"wp-block-uagb-advanced-heading uagb-block-c25c7181\"><p class=\"uagb-desc-text\">\u00bfPor qu\u00e9 elegirnos?<\/p><h2 class=\"uagb-heading-text\">Propuestas de valor \u00fanicas de nuestro programa de f\u00fatbol juvenil<\/h2><\/div>\n\n\n\n<div class=\"wp-block-uagb-container uagb-layout-grid uagb-block-2a415332\">\n<div class=\"wp-block-uagb-container uagb-block-d10d8a10\">\n<div class=\"wp-block-uagb-advanced-heading uagb-block-e199cdcf\"><h3 class=\"uagb-heading-text\">Desarrollo de habilidades<\/h3><p class=\"uagb-desc-text\">Nuestros entrenadores capacitados se centran en desarrollar habilidades de f\u00fatbol esenciales adaptadas a cada grupo de edad.<\/p><\/div>\n<\/div>\n\n\n\n<div class=\"wp-block-uagb-container uagb-block-8fed953a\">\n<div class=\"wp-block-uagb-advanced-heading uagb-block-964dee5b\"><h3 class=\"uagb-heading-text\">Esp\u00edritu de equipo<\/h3><p class=\"uagb-desc-text\">Fomentar la camarader\u00eda y el trabajo en equipo, ayudando a los ni\u00f1os a construir amistades y habilidades sociales para toda la vida.<\/p><\/div>\n<\/div>\n\n\n\n<div class=\"wp-block-uagb-container uagb-block-b1e555fe\">\n<div class=\"wp-block-uagb-advanced-heading uagb-block-cab822fd\"><h3 class=\"uagb-heading-text\">Enfocado en la comunidad<\/h3><p class=\"uagb-desc-text\">Fomentamos un sentido de comunidad, reuniendo a las familias en torno a la emoci\u00f3n del f\u00fatbol juvenil.<\/p><\/div>\n<\/div>\n\n\n\n<div class=\"wp-block-uagb-container uagb-block-49dfd262\">\n<div class=\"wp-block-uagb-advanced-heading uagb-block-fe5aef5b\"><h3 class=\"uagb-heading-text\">Ambiente positivo<\/h3><p class=\"uagb-desc-text\">Proporcionar un ambiente de apoyo y divertido donde los ni\u00f1os puedan prosperar dentro y fuera del campo.<\/p><\/div>\n<\/div>\n\n\n\n<div class=\"wp-block-uagb-container uagb-block-38d08555\">\n<div class=\"wp-block-uagb-advanced-heading uagb-block-0d54f303\"><h3 class=\"uagb-heading-text\">Seguridad ante todo<\/h3><p class=\"uagb-desc-text\">Priorizamos la salud y seguridad de nuestros jugadores con personal t\u00e9cnico certificado e instalaciones bien mantenidas.<\/p><\/div>\n<\/div>\n\n\n\n<div class=\"wp-block-uagb-container uagb-block-a6439095\">\n<div class=\"wp-block-uagb-advanced-heading uagb-block-106c7aa1\"><h3 class=\"uagb-heading-text\">Oportunidades inclusivas<\/h3><p class=\"uagb-desc-text\">Abierto a todos los ni\u00f1os, desde jard\u00edn de infantes hasta sexto grado, lo que garantiza que todos puedan participar en el deporte.<\/p><\/div>\n<\/div>\n<\/div>\n<\/div><\/div>\n\n\n\n<div class=\"wp-block-uagb-container uagb-block-6f210814 alignfull uagb-is-root-container\"><div class=\"uagb-container-inner-blocks-wrap\">\n<div class=\"wp-block-uagb-info-box uagb-block-a0259082 uagb-infobox__content-wrap  uagb-infobox-icon-above-title uagb-infobox-image-valign-top\"><div class=\"uagb-ifb-content\"><div class=\"uagb-ifb-title-wrap\"><p class=\"uagb-ifb-title-prefix\">Sobre nosotros<\/p><h2 class=\"uagb-ifb-title\">Descubra la historia detr\u00e1s de los Wyoming Valley Junior Spartans<\/h2><\/div><p class=\"uagb-ifb-desc\">Uniendo a j\u00f3venes atletas a trav\u00e9s del amor por el f\u00fatbol y el trabajo en equipo.<\/p><\/div><\/div>\n\n\n\n<div class=\"wp-block-uagb-image uagb-block-07cb6d23 wp-block-uagb-image--layout-default wp-block-uagb-image--effect-static wp-block-uagb-image--align-none\"><figure class=\"wp-block-uagb-image__figure\"><img decoding=\"async\" srcset=\"https:\/\/wyomingvalleyjuniorspartans.org\/wp-content\/uploads\/2025\/01\/a-close-up-of-a-person-wearing-a-football-helmet-l9hbpgomqsi.jpeg ,https:\/\/wyomingvalleyjuniorspartans.org\/wp-content\/uploads\/2025\/01\/a-close-up-of-a-person-wearing-a-football-helmet-l9hbpgomqsi.jpeg 780w, https:\/\/wyomingvalleyjuniorspartans.org\/wp-content\/uploads\/2025\/01\/a-close-up-of-a-person-wearing-a-football-helmet-l9hbpgomqsi.jpeg 360w\" sizes=\"auto, (max-width: 480px) 150px\" src=\"https:\/\/wyomingvalleyjuniorspartans.org\/wp-content\/uploads\/2025\/01\/a-close-up-of-a-person-wearing-a-football-helmet-l9hbpgomqsi.jpeg\" alt=\"\" class=\"uag-image-485\" width=\"1200\" height=\"450\" title=\"nuestras historias\" loading=\"lazy\" role=\"img\"\/><\/figure><\/div>\n\n\n\n<div class=\"wp-block-uagb-container uagb-layout-grid uagb-block-f353ab5c\">\n<div class=\"wp-block-uagb-advanced-heading uagb-block-86b53aad\"><h3 class=\"uagb-heading-text\">Nuestra rica historia<\/h3><\/div>\n\n\n\n<div class=\"wp-block-uagb-info-box uagb-block-73e6b5cf uagb-infobox__content-wrap  uagb-infobox-icon-above-title uagb-infobox-image-valign-top wp-block-uagb-info-box--has-margin\"><div class=\"uagb-infobox-margin-wrapper\"><div class=\"uagb-ifb-content\"><div class=\"uagb-ifb-title-wrap\"><p class=\"uagb-ifb-title\">En 2024, nos unimos con orgullo como Wyoming Valley Junior Spartans, fusionando tradiciones de Plymouth Shawnee Indians y Ed-Lark Hurricanes.<\/p><\/div><p class=\"uagb-ifb-desc\">Nuestro viaje consiste en construir una comunidad m\u00e1s fuerte a trav\u00e9s del atletismo juvenil y crear recuerdos inolvidables.<\/p><div class=\"uagb-ifb-button-wrapper wp-block-button\"><a href=\"\/es\/about\/\" class=\"uagb-infobox-cta-link wp-block-button__link\" target=\"_self\" rel=\"noopener noreferrer\" onclick=\"return true;\"><span class=\"uagb-inline-editing\">M\u00e1s informaci\u00f3n<\/span><\/a><\/div><\/div><\/div><\/div>\n<\/div>\n<\/div><\/div>","protected":false},"excerpt":{"rendered":"<p>Why Choose Us Unique Value Propositions of Our Youth Football Program Skill Development Our trained coaches focus on developing essential football skills tailored for each age group. Team Spirit Encouraging [&hellip;]<\/p>\n","protected":false},"author":4,"featured_media":0,"parent":0,"menu_order":0,"comment_status":"closed","ping_status":"closed","template":"","meta":{"_uag_custom_page_level_css":"","site-sidebar-layout":"default","site-content-layout":"","ast-site-content-layout":"default","site-content-style":"default","site-sidebar-style":"default","ast-global-header-display":"","ast-banner-title-visibility":"","ast-main-header-display":"","ast-hfb-above-header-display":"","ast-hfb-below-header-display":"","ast-hfb-mobile-header-display":"","site-post-title":"disabled","ast-breadcrumbs-content":"","ast-featured-img":"","footer-sml-layout":"","ast-disable-related-posts":"","theme-transparent-header-meta":"","adv-header-id-meta":"","stick-header-meta":"","header-above-stick-meta":"","header-main-stick-meta":"","header-below-stick-meta":"","astra-migrate-meta-layouts":"default","ast-page-background-enabled":"default","ast-page-background-meta":{"desktop":{"background-color":"var(--ast-global-color-4)","background-image":"","background-repeat":"repeat","background-position":"center center","background-size":"auto","background-attachment":"scroll","background-type":"","background-media":"","overlay-type":"","overlay-color":"","overlay-opacity":"","overlay-gradient":""},"tablet":{"background-color":"","background-image":"","background-repeat":"repeat","background-position":"center center","background-size":"auto","background-attachment":"scroll","background-type":"","background-media":"","overlay-type":"","overlay-color":"","overlay-opacity":"","overlay-gradient":""},"mobile":{"background-color":"","background-image":"","background-repeat":"repeat","background-position":"center center","background-size":"auto","background-attachment":"scroll","background-type":"","background-media":"","overlay-type":"","overlay-color":"","overlay-opacity":"","overlay-gradient":""}},"ast-content-background-meta":{"desktop":{"background-color":"var(--ast-global-color-5)","background-image":"","background-repeat":"repeat","background-position":"center center","background-size":"auto","background-attachment":"scroll","background-type":"","background-media":"","overlay-type":"","overlay-color":"","overlay-opacity":"","overlay-gradient":""},"tablet":{"background-color":"var(--ast-global-color-5)","background-image":"","background-repeat":"repeat","background-position":"center center","background-size":"auto","background-attachment":"scroll","background-type":"","background-media":"","overlay-type":"","overlay-color":"","overlay-opacity":"","overlay-gradient":""},"mobile":{"background-color":"var(--ast-global-color-5)","background-image":"","background-repeat":"repeat","background-position":"center center","background-size":"auto","background-attachment":"scroll","background-type":"","background-media":"","overlay-type":"","overlay-color":"","overlay-opacity":"","overlay-gradient":""}},"footnotes":""},"class_list":["post-259","page","type-page","status-publish","hentry"],"uagb_featured_image_src":{"full":false,"thumbnail":false,"medium":false,"medium_large":false,"large":false,"1536x1536":false,"2048x2048":false,"trp-custom-language-flag":false,"gform-image-choice-sm":false,"gform-image-choice-md":false,"gform-image-choice-lg":false},"uagb_author_info":{"display_name":"jziller","author_link":"https:\/\/wyomingvalleyjuniorspartans.org\/es\/author\/zcuraxwdbykm\/"},"uagb_comment_info":0,"uagb_excerpt":"Why Choose Us Unique Value Propositions of Our Youth Football Program Skill Development Our trained coaches focus on developing essential football skills tailored for each age group. Team Spirit Encouraging [&hellip;]","_links":{"self":[{"href":"https:\/\/wyomingvalleyjuniorspartans.org\/es\/wp-json\/wp\/v2\/pages\/259","targetHints":{"allow":["GET"]}}],"collection":[{"href":"https:\/\/wyomingvalleyjuniorspartans.org\/es\/wp-json\/wp\/v2\/pages"}],"about":[{"href":"https:\/\/wyomingvalleyjuniorspartans.org\/es\/wp-json\/wp\/v2\/types\/page"}],"author":[{"embeddable":true,"href":"https:\/\/wyomingvalleyjuniorspartans.org\/es\/wp-json\/wp\/v2\/users\/4"}],"replies":[{"embeddable":true,"href":"https:\/\/wyomingvalleyjuniorspartans.org\/es\/wp-json\/wp\/v2\/comments?post=259"}],"version-history":[{"count":4,"href":"https:\/\/wyomingvalleyjuniorspartans.org\/es\/wp-json\/wp\/v2\/pages\/259\/revisions"}],"predecessor-version":[{"id":947,"href":"https:\/\/wyomingvalleyjuniorspartans.org\/es\/wp-json\/wp\/v2\/pages\/259\/revisions\/947"}],"wp:attachment":[{"href":"https:\/\/wyomingvalleyjuniorspartans.org\/es\/wp-json\/wp\/v2\/media?parent=259"}],"curies":[{"name":"wp","href":"https:\/\/api.w.org\/{rel}","templated":true}]}}